{"id":15,"date":"2016-06-24T09:04:08","date_gmt":"2016-06-24T08:04:08","guid":{"rendered":"https:\/\/lalunetteriedestcyr.fr\/?page_id=15"},"modified":"2025-03-29T11:27:15","modified_gmt":"2025-03-29T09:27:15","slug":"services","status":"publish","type":"page","link":"https:\/\/lalunetteriedestcyr.fr\/index.php\/services\/","title":{"rendered":"Services"},"content":{"rendered":"\n<h4 class=\"wp-block-heading\">Profitez \u00e9galement de nos nombreux services.<\/h4>\n\n\n\n<ul class=\"wp-block-list\"><li>Lentilles de contact<\/li><li>Entretien et service apr\u00e8s-vente gratuit*<\/li><li>2\u00e8me paire de lunettes<\/li><li>Tiers-Payant<\/li><li>Garantie adaptation<\/li><li>Examen de vue gratuit<\/li><li>Paiement en plusieurs fois<\/li><li>Visite \u00e0 domicile et en maison de retraite*<\/li><\/ul>\n\n\n\n<p>* Voir conditions en magasins.<br>Ces produits sont des dispositifs m\u00e9dicaux. Consultez un ophtalmologiste.<\/p>\n","protected":false},"excerpt":{"rendered":"<p>Profitez \u00e9galement de nos nombreux services. Lentilles de contact Entretien et service apr\u00e8s-vente gratuit* 2\u00e8me paire de lunettes Tiers-Payant Garantie adaptation Examen de vue gratuit Paiement en plusieurs fois Visite \u00e0 domicile et en maison&hellip; <a href=\"https:\/\/lalunetteriedestcyr.fr\/index.php\/services\/\">Plus<\/a><\/p>\n","protected":false},"author":1,"featured_media":0,"parent":0,"menu_order":0,"comment_status":"closed","ping_status":"closed","template":"","meta":{"footnotes":""},"class_list":["post-15","page","type-page","status-publish","hentry"],"_links":{"self":[{"href":"https:\/\/lalunetteriedestcyr.fr\/index.php\/wp-json\/wp\/v2\/pages\/15","targetHints":{"allow":["GET"]}}],"collection":[{"href":"https:\/\/lalunetteriedestcyr.fr\/index.php\/wp-json\/wp\/v2\/pages"}],"about":[{"href":"https:\/\/lalunetteriedestcyr.fr\/index.php\/wp-json\/wp\/v2\/types\/page"}],"author":[{"embeddable":true,"href":"https:\/\/lalunetteriedestcyr.fr\/index.php\/wp-json\/wp\/v2\/users\/1"}],"replies":[{"embeddable":true,"href":"https:\/\/lalunetteriedestcyr.fr\/index.php\/wp-json\/wp\/v2\/comments?post=15"}],"version-history":[{"count":1,"href":"https:\/\/lalunetteriedestcyr.fr\/index.php\/wp-json\/wp\/v2\/pages\/15\/revisions"}],"predecessor-version":[{"id":329,"href":"https:\/\/lalunetteriedestcyr.fr\/index.php\/wp-json\/wp\/v2\/pages\/15\/revisions\/329"}],"wp:attachment":[{"href":"https:\/\/lalunetteriedestcyr.fr\/index.php\/wp-json\/wp\/v2\/media?parent=15"}],"curies":[{"name":"wp","href":"https:\/\/api.w.org\/{rel}","templated":true}]}}